{"id":74,"date":"2022-04-05T23:51:09","date_gmt":"2022-04-05T23:51:09","guid":{"rendered":"https:\/\/mesclun31.live-website.com\/?post_type=product&#038;p=74"},"modified":"2022-05-03T20:52:05","modified_gmt":"2022-05-03T20:52:05","slug":"feuillessauge","status":"publish","type":"product","link":"https:\/\/mesclum.com\/?product=feuillessauge","title":{"rendered":"Feuilles sauge"},"content":{"rendered":"","protected":false},"excerpt":{"rendered":"","protected":false},"featured_media":0,"template":"","meta":[],"product_brand":[],"product_cat":[15],"product_tag":[],"class_list":{"0":"post-74","1":"product","2":"type-product","3":"status-publish","5":"product_cat-tisanes","7":"first","8":"instock","9":"taxable","10":"shipping-taxable","11":"purchasable","12":"product-type-simple"},"jetpack-related-posts":[{"id":193,"url":"https:\/\/mesclum.com\/?product=melange-salvadora","url_meta":{"origin":74,"position":0},"title":"M\u00e9lange Salvadora","author":"beb deli","date":"3 mai 2022","format":false,"excerpt":"M\u00e9lange Salvadora : base sauge officinale avec \u2026. \u00a0 5 \u20ac le sachet de 30 g.","rel":"","context":"Article similaire","block_context":{"text":"Article similaire","link":""},"img":{"alt_text":"","src":"","width":0,"height":0},"classes":[]},{"id":187,"url":"https:\/\/mesclum.com\/?product=aromates-speciaux","url_meta":{"origin":74,"position":1},"title":"Aromates sp\u00e9ciaux","author":"beb deli","date":"3 mai 2022","format":false,"excerpt":"Aromates sp\u00e9ciaux Vari\u00e9t\u00e9s : Houttuynia, Menthe bergamote, Menthe glaciale, Rau Ram, Sauge ananas, Stevia \u00a0 2 \u20ac le bouquet de 50 g","rel":"","context":"Article similaire","block_context":{"text":"Article similaire","link":""},"img":{"alt_text":"","src":"","width":0,"height":0},"classes":[]},{"id":195,"url":"https:\/\/mesclum.com\/?product=verveine","url_meta":{"origin":74,"position":2},"title":"Feuilles Verveine","author":"beb deli","date":"3 mai 2022","format":false,"excerpt":"Verveine 4 \u20ac le sachet de 30 g.","rel":"","context":"Article similaire","block_context":{"text":"Article similaire","link":""},"img":{"alt_text":"","src":"","width":0,"height":0},"classes":[]}],"jetpack_sharing_enabled":true,"_links":{"self":[{"href":"https:\/\/mesclum.com\/index.php?rest_route=\/wp\/v2\/product\/74","targetHints":{"allow":["GET"]}}],"collection":[{"href":"https:\/\/mesclum.com\/index.php?rest_route=\/wp\/v2\/product"}],"about":[{"href":"https:\/\/mesclum.com\/index.php?rest_route=\/wp\/v2\/types\/product"}],"wp:attachment":[{"href":"https:\/\/mesclum.com\/index.php?rest_route=%2Fwp%2Fv2%2Fmedia&parent=74"}],"wp:term":[{"taxonomy":"product_brand","embeddable":true,"href":"https:\/\/mesclum.com\/index.php?rest_route=%2Fwp%2Fv2%2Fproduct_brand&post=74"},{"taxonomy":"product_cat","embeddable":true,"href":"https:\/\/mesclum.com\/index.php?rest_route=%2Fwp%2Fv2%2Fproduct_cat&post=74"},{"taxonomy":"product_tag","embeddable":true,"href":"https:\/\/mesclum.com\/index.php?rest_route=%2Fwp%2Fv2%2Fproduct_tag&post=74"}],"curies":[{"name":"wp","href":"https:\/\/api.w.org\/{rel}","templated":true}]}}