{"id":63,"date":"2022-04-05T22:40:10","date_gmt":"2022-04-05T22:40:10","guid":{"rendered":"https:\/\/mesclun31.live-website.com\/?post_type=product&#038;p=63"},"modified":"2022-05-03T20:53:11","modified_gmt":"2022-05-03T20:53:11","slug":"tomate","status":"publish","type":"product","link":"https:\/\/mesclum.com\/?product=tomate","title":{"rendered":"Tomate"},"content":{"rendered":"<p>mesclum tomatemesclum tomate<\/p>\n<p>&nbsp;<\/p>\n<p>&nbsp;<\/p>\n","protected":false},"excerpt":{"rendered":"<p>M\u00e9lange de tomates<\/p>\n","protected":false},"featured_media":173,"template":"","meta":[],"product_brand":[],"product_cat":[24],"product_tag":[41,38,39,42,36,40,37,43],"class_list":{"0":"post-63","1":"product","2":"type-product","3":"status-publish","4":"has-post-thumbnail","6":"product_cat-legumesdesaison","7":"product_tag-bedouin","8":"product_tag-bones","9":"product_tag-green-zebra","10":"product_tag-hawaian-pineapple","11":"product_tag-melande-de-tomate-de-saison-coeur-de-boeuf","12":"product_tag-noire-de-crimee","13":"product_tag-rose-de-berne","14":"product_tag-yellow-brandywine","16":"first","17":"instock","18":"taxable","19":"shipping-taxable","20":"purchasable","21":"product-type-simple"},"jetpack-related-posts":[{"id":189,"url":"https:\/\/mesclum.com\/?product=tomates","url_meta":{"origin":63,"position":0},"title":"Tomates","author":"beb deli","date":"3 mai 2022","format":false,"excerpt":"Plant de tomate (C\u0153ur de b\u0153uf, Rose de Berne, Bones, Green Zebra, Noire de Crim\u00e9e, B\u00e9douin, Hawaian Pineapple, Yellow Brandywine)","rel":"","context":"Article similaire","block_context":{"text":"Article similaire","link":""},"img":{"alt_text":"","src":"","width":0,"height":0},"classes":[]},{"id":193,"url":"https:\/\/mesclum.com\/?product=melange-salvadora","url_meta":{"origin":63,"position":1},"title":"M\u00e9lange Salvadora","author":"beb deli","date":"3 mai 2022","format":false,"excerpt":"M\u00e9lange Salvadora : base sauge officinale avec \u2026. \u00a0 5 \u20ac le sachet de 30 g.","rel":"","context":"Article similaire","block_context":{"text":"Article similaire","link":""},"img":{"alt_text":"","src":"","width":0,"height":0},"classes":[]},{"id":201,"url":"https:\/\/mesclum.com\/?product=feve","url_meta":{"origin":63,"position":2},"title":"F\u00e8ve","author":"beb deli","date":"6 mai 2022","format":false,"excerpt":"F\u00e8ves","rel":"","context":"Article similaire","block_context":{"text":"Article similaire","link":""},"img":{"alt_text":"","src":"https:\/\/i0.wp.com\/mesclum.com\/wp-content\/uploads\/2022\/05\/feve.jpg?fit=1200%2C1200&ssl=1&resize=350%2C200","width":350,"height":200,"srcset":"https:\/\/i0.wp.com\/mesclum.com\/wp-content\/uploads\/2022\/05\/feve.jpg?fit=1200%2C1200&ssl=1&resize=350%2C200 1x, https:\/\/i0.wp.com\/mesclum.com\/wp-content\/uploads\/2022\/05\/feve.jpg?fit=1200%2C1200&ssl=1&resize=525%2C300 1.5x, https:\/\/i0.wp.com\/mesclum.com\/wp-content\/uploads\/2022\/05\/feve.jpg?fit=1200%2C1200&ssl=1&resize=700%2C400 2x, https:\/\/i0.wp.com\/mesclum.com\/wp-content\/uploads\/2022\/05\/feve.jpg?fit=1200%2C1200&ssl=1&resize=1050%2C600 3x"},"classes":[]},{"id":185,"url":"https:\/\/mesclum.com\/?product=concombres-mini","url_meta":{"origin":63,"position":3},"title":"Concombres mini","author":"beb deli","date":"3 mai 2022","format":false,"excerpt":"Concombres mini","rel":"","context":"Article similaire","block_context":{"text":"Article similaire","link":""},"img":{"alt_text":"","src":"https:\/\/i0.wp.com\/mesclum.com\/wp-content\/uploads\/2022\/05\/minicom.jpg?fit=760%2C760&ssl=1&resize=350%2C200","width":350,"height":200,"srcset":"https:\/\/i0.wp.com\/mesclum.com\/wp-content\/uploads\/2022\/05\/minicom.jpg?fit=760%2C760&ssl=1&resize=350%2C200 1x, https:\/\/i0.wp.com\/mesclum.com\/wp-content\/uploads\/2022\/05\/minicom.jpg?fit=760%2C760&ssl=1&resize=525%2C300 1.5x, https:\/\/i0.wp.com\/mesclum.com\/wp-content\/uploads\/2022\/05\/minicom.jpg?fit=760%2C760&ssl=1&resize=700%2C400 2x"},"classes":[]},{"id":203,"url":"https:\/\/mesclum.com\/?product=haricots-a-rames","url_meta":{"origin":63,"position":4},"title":"Haricots \u00e0 rames","author":"beb deli","date":"6 mai 2022","format":false,"excerpt":"Haricots \u00e0 rames","rel":"","context":"Article similaire","block_context":{"text":"Article similaire","link":""},"img":{"alt_text":"","src":"https:\/\/i0.wp.com\/mesclum.com\/wp-content\/uploads\/2022\/05\/Haricot-a-rame-mangetout-Phenomene.jpg?fit=600%2C601&ssl=1&resize=350%2C200","width":350,"height":200,"srcset":"https:\/\/i0.wp.com\/mesclum.com\/wp-content\/uploads\/2022\/05\/Haricot-a-rame-mangetout-Phenomene.jpg?fit=600%2C601&ssl=1&resize=350%2C200 1x, https:\/\/i0.wp.com\/mesclum.com\/wp-content\/uploads\/2022\/05\/Haricot-a-rame-mangetout-Phenomene.jpg?fit=600%2C601&ssl=1&resize=525%2C300 1.5x"},"classes":[]},{"id":206,"url":"https:\/\/mesclum.com\/?product=salade-cressonnette-du-maroc","url_meta":{"origin":63,"position":5},"title":"Salade cressonnette du Maroc","author":"beb deli","date":"6 mai 2022","format":false,"excerpt":"Salade cressonnette du Maroc","rel":"","context":"Article similaire","block_context":{"text":"Article similaire","link":""},"img":{"alt_text":"","src":"https:\/\/i0.wp.com\/mesclum.com\/wp-content\/uploads\/2022\/05\/laitue-cressonnette-du-maroc.jpg?fit=800%2C800&ssl=1&resize=350%2C200","width":350,"height":200,"srcset":"https:\/\/i0.wp.com\/mesclum.com\/wp-content\/uploads\/2022\/05\/laitue-cressonnette-du-maroc.jpg?fit=800%2C800&ssl=1&resize=350%2C200 1x, https:\/\/i0.wp.com\/mesclum.com\/wp-content\/uploads\/2022\/05\/laitue-cressonnette-du-maroc.jpg?fit=800%2C800&ssl=1&resize=525%2C300 1.5x, https:\/\/i0.wp.com\/mesclum.com\/wp-content\/uploads\/2022\/05\/laitue-cressonnette-du-maroc.jpg?fit=800%2C800&ssl=1&resize=700%2C400 2x"},"classes":[]}],"jetpack_sharing_enabled":true,"_links":{"self":[{"href":"https:\/\/mesclum.com\/index.php?rest_route=\/wp\/v2\/product\/63","targetHints":{"allow":["GET"]}}],"collection":[{"href":"https:\/\/mesclum.com\/index.php?rest_route=\/wp\/v2\/product"}],"about":[{"href":"https:\/\/mesclum.com\/index.php?rest_route=\/wp\/v2\/types\/product"}],"wp:featuredmedia":[{"embeddable":true,"href":"https:\/\/mesclum.com\/index.php?rest_route=\/wp\/v2\/media\/173"}],"wp:attachment":[{"href":"https:\/\/mesclum.com\/index.php?rest_route=%2Fwp%2Fv2%2Fmedia&parent=63"}],"wp:term":[{"taxonomy":"product_brand","embeddable":true,"href":"https:\/\/mesclum.com\/index.php?rest_route=%2Fwp%2Fv2%2Fproduct_brand&post=63"},{"taxonomy":"product_cat","embeddable":true,"href":"https:\/\/mesclum.com\/index.php?rest_route=%2Fwp%2Fv2%2Fproduct_cat&post=63"},{"taxonomy":"product_tag","embeddable":true,"href":"https:\/\/mesclum.com\/index.php?rest_route=%2Fwp%2Fv2%2Fproduct_tag&post=63"}],"curies":[{"name":"wp","href":"https:\/\/api.w.org\/{rel}","templated":true}]}}