{"id":203,"date":"2022-05-06T22:08:44","date_gmt":"2022-05-06T22:08:44","guid":{"rendered":"https:\/\/mesclum.com\/?post_type=product&#038;p=203"},"modified":"2022-05-06T22:08:44","modified_gmt":"2022-05-06T22:08:44","slug":"haricots-a-rames","status":"publish","type":"product","link":"https:\/\/mesclum.com\/?product=haricots-a-rames","title":{"rendered":"Haricots \u00e0 rames"},"content":{"rendered":"<p>Haricots \u00e0 rames<\/p>\n","protected":false},"excerpt":{"rendered":"<p>Haricots \u00e0 rames<\/p>\n","protected":false},"featured_media":205,"template":"","meta":[],"product_brand":[],"product_cat":[24],"product_tag":[],"class_list":{"0":"post-203","1":"product","2":"type-product","3":"status-publish","4":"has-post-thumbnail","6":"product_cat-legumesdesaison","8":"first","9":"instock","10":"taxable","11":"shipping-taxable","12":"product-type-simple"},"jetpack-related-posts":[{"id":199,"url":"https:\/\/mesclum.com\/?product=haricots-verts","url_meta":{"origin":203,"position":0},"title":"Haricots verts","author":"beb deli","date":"6 mai 2022","format":false,"excerpt":"Haricots verts Vari\u00e9t\u00e9s : Pongo, Pigally,","rel":"","context":"Article similaire","block_context":{"text":"Article similaire","link":""},"img":{"alt_text":"haricots verts","src":"https:\/\/i0.wp.com\/mesclum.com\/wp-content\/uploads\/2022\/05\/hv.png?fit=800%2C800&ssl=1&resize=350%2C200","width":350,"height":200,"srcset":"https:\/\/i0.wp.com\/mesclum.com\/wp-content\/uploads\/2022\/05\/hv.png?fit=800%2C800&ssl=1&resize=350%2C200 1x, https:\/\/i0.wp.com\/mesclum.com\/wp-content\/uploads\/2022\/05\/hv.png?fit=800%2C800&ssl=1&resize=525%2C300 1.5x, https:\/\/i0.wp.com\/mesclum.com\/wp-content\/uploads\/2022\/05\/hv.png?fit=800%2C800&ssl=1&resize=700%2C400 2x"},"classes":[]},{"id":187,"url":"https:\/\/mesclum.com\/?product=aromates-speciaux","url_meta":{"origin":203,"position":1},"title":"Aromates sp\u00e9ciaux","author":"beb deli","date":"3 mai 2022","format":false,"excerpt":"Aromates sp\u00e9ciaux Vari\u00e9t\u00e9s : Houttuynia, Menthe bergamote, Menthe glaciale, Rau Ram, Sauge ananas, Stevia \u00a0 2 \u20ac le bouquet de 50 g","rel":"","context":"Article similaire","block_context":{"text":"Article similaire","link":""},"img":{"alt_text":"","src":"","width":0,"height":0},"classes":[]}],"jetpack_sharing_enabled":true,"_links":{"self":[{"href":"https:\/\/mesclum.com\/index.php?rest_route=\/wp\/v2\/product\/203","targetHints":{"allow":["GET"]}}],"collection":[{"href":"https:\/\/mesclum.com\/index.php?rest_route=\/wp\/v2\/product"}],"about":[{"href":"https:\/\/mesclum.com\/index.php?rest_route=\/wp\/v2\/types\/product"}],"wp:featuredmedia":[{"embeddable":true,"href":"https:\/\/mesclum.com\/index.php?rest_route=\/wp\/v2\/media\/205"}],"wp:attachment":[{"href":"https:\/\/mesclum.com\/index.php?rest_route=%2Fwp%2Fv2%2Fmedia&parent=203"}],"wp:term":[{"taxonomy":"product_brand","embeddable":true,"href":"https:\/\/mesclum.com\/index.php?rest_route=%2Fwp%2Fv2%2Fproduct_brand&post=203"},{"taxonomy":"product_cat","embeddable":true,"href":"https:\/\/mesclum.com\/index.php?rest_route=%2Fwp%2Fv2%2Fproduct_cat&post=203"},{"taxonomy":"product_tag","embeddable":true,"href":"https:\/\/mesclum.com\/index.php?rest_route=%2Fwp%2Fv2%2Fproduct_tag&post=203"}],"curies":[{"name":"wp","href":"https:\/\/api.w.org\/{rel}","templated":true}]}}