{"id":199,"date":"2022-05-06T22:01:37","date_gmt":"2022-05-06T22:01:37","guid":{"rendered":"https:\/\/mesclum.com\/?post_type=product&#038;p=199"},"modified":"2022-05-06T22:01:37","modified_gmt":"2022-05-06T22:01:37","slug":"haricots-verts","status":"publish","type":"product","link":"https:\/\/mesclum.com\/?product=haricots-verts","title":{"rendered":"Haricots verts"},"content":{"rendered":"<p>Haricots verts<\/p>\n<p>Vari\u00e9t\u00e9s : Pongo, Pigally,<\/p>\n","protected":false},"excerpt":{"rendered":"<p>Haricots verts Vari\u00e9t\u00e9s : Pongo, Pigally,<\/p>\n","protected":false},"featured_media":200,"template":"","meta":[],"product_brand":[],"product_cat":[24],"product_tag":[],"class_list":{"0":"post-199","1":"product","2":"type-product","3":"status-publish","4":"has-post-thumbnail","6":"product_cat-legumesdesaison","8":"first","9":"instock","10":"taxable","11":"shipping-taxable","12":"purchasable","13":"product-type-simple"},"jetpack-related-posts":[{"id":203,"url":"https:\/\/mesclum.com\/?product=haricots-a-rames","url_meta":{"origin":199,"position":0},"title":"Haricots \u00e0 rames","author":"beb deli","date":"6 mai 2022","format":false,"excerpt":"Haricots \u00e0 rames","rel":"","context":"Article similaire","block_context":{"text":"Article similaire","link":""},"img":{"alt_text":"","src":"https:\/\/i0.wp.com\/mesclum.com\/wp-content\/uploads\/2022\/05\/Haricot-a-rame-mangetout-Phenomene.jpg?fit=600%2C601&ssl=1&resize=350%2C200","width":350,"height":200,"srcset":"https:\/\/i0.wp.com\/mesclum.com\/wp-content\/uploads\/2022\/05\/Haricot-a-rame-mangetout-Phenomene.jpg?fit=600%2C601&ssl=1&resize=350%2C200 1x, https:\/\/i0.wp.com\/mesclum.com\/wp-content\/uploads\/2022\/05\/Haricot-a-rame-mangetout-Phenomene.jpg?fit=600%2C601&ssl=1&resize=525%2C300 1.5x"},"classes":[]},{"id":182,"url":"https:\/\/mesclum.com\/?product=courgettes","url_meta":{"origin":199,"position":1},"title":"Courgettes","author":"beb deli","date":"3 mai 2022","format":false,"excerpt":"Courgettes jaune, verte et Allong\u00e9e de Nice","rel":"","context":"Article similaire","block_context":{"text":"Article similaire","link":""},"img":{"alt_text":"","src":"","width":0,"height":0},"classes":[]},{"id":183,"url":"https:\/\/mesclum.com\/?product=courgettes-mini","url_meta":{"origin":199,"position":2},"title":"Courgettes mini","author":"beb deli","date":"3 mai 2022","format":false,"excerpt":"Mini courgetes jaune, verte et Allong\u00e9e de Nice","rel":"","context":"Article similaire","block_context":{"text":"Article similaire","link":""},"img":{"alt_text":"","src":"","width":0,"height":0},"classes":[]},{"id":187,"url":"https:\/\/mesclum.com\/?product=aromates-speciaux","url_meta":{"origin":199,"position":3},"title":"Aromates sp\u00e9ciaux","author":"beb deli","date":"3 mai 2022","format":false,"excerpt":"Aromates sp\u00e9ciaux Vari\u00e9t\u00e9s : Houttuynia, Menthe bergamote, Menthe glaciale, Rau Ram, Sauge ananas, Stevia \u00a0 2 \u20ac le bouquet de 50 g","rel":"","context":"Article similaire","block_context":{"text":"Article similaire","link":""},"img":{"alt_text":"","src":"","width":0,"height":0},"classes":[]}],"jetpack_sharing_enabled":true,"_links":{"self":[{"href":"https:\/\/mesclum.com\/index.php?rest_route=\/wp\/v2\/product\/199","targetHints":{"allow":["GET"]}}],"collection":[{"href":"https:\/\/mesclum.com\/index.php?rest_route=\/wp\/v2\/product"}],"about":[{"href":"https:\/\/mesclum.com\/index.php?rest_route=\/wp\/v2\/types\/product"}],"wp:featuredmedia":[{"embeddable":true,"href":"https:\/\/mesclum.com\/index.php?rest_route=\/wp\/v2\/media\/200"}],"wp:attachment":[{"href":"https:\/\/mesclum.com\/index.php?rest_route=%2Fwp%2Fv2%2Fmedia&parent=199"}],"wp:term":[{"taxonomy":"product_brand","embeddable":true,"href":"https:\/\/mesclum.com\/index.php?rest_route=%2Fwp%2Fv2%2Fproduct_brand&post=199"},{"taxonomy":"product_cat","embeddable":true,"href":"https:\/\/mesclum.com\/index.php?rest_route=%2Fwp%2Fv2%2Fproduct_cat&post=199"},{"taxonomy":"product_tag","embeddable":true,"href":"https:\/\/mesclum.com\/index.php?rest_route=%2Fwp%2Fv2%2Fproduct_tag&post=199"}],"curies":[{"name":"wp","href":"https:\/\/api.w.org\/{rel}","templated":true}]}}