{"id":192,"date":"2022-05-03T21:06:36","date_gmt":"2022-05-03T21:06:36","guid":{"rendered":"https:\/\/mesclun31.live-website.com\/?post_type=product&#038;p=192"},"modified":"2022-05-03T21:06:36","modified_gmt":"2022-05-03T21:06:36","slug":"melange-adromidera","status":"publish","type":"product","link":"https:\/\/mesclum.com\/?product=melange-adromidera","title":{"rendered":"M\u00e9lange Adromidera"},"content":{"rendered":"<p>M\u00e9lange Adromidera : base verveine avec \u2026\u2026<\/p>\n<p>&nbsp;<\/p>\n<p>5 \u20ac le sachet de 30 g.<\/p>\n","protected":false},"excerpt":{"rendered":"<p>M\u00e9lange Adromidera : base verveine avec \u2026\u2026 &nbsp; 5 \u20ac le sachet de 30 g.<\/p>\n","protected":false},"featured_media":0,"template":"","meta":[],"product_brand":[],"product_cat":[15],"product_tag":[],"class_list":{"0":"post-192","1":"product","2":"type-product","3":"status-publish","5":"product_cat-tisanes","7":"first","8":"instock","9":"taxable","10":"shipping-taxable","11":"purchasable","12":"product-type-simple"},"jetpack-related-posts":[{"id":193,"url":"https:\/\/mesclum.com\/?product=melange-salvadora","url_meta":{"origin":192,"position":0},"title":"M\u00e9lange Salvadora","author":"beb deli","date":"3 mai 2022","format":false,"excerpt":"M\u00e9lange Salvadora : base sauge officinale avec \u2026. \u00a0 5 \u20ac le sachet de 30 g.","rel":"","context":"Article similaire","block_context":{"text":"Article similaire","link":""},"img":{"alt_text":"","src":"","width":0,"height":0},"classes":[]},{"id":195,"url":"https:\/\/mesclum.com\/?product=verveine","url_meta":{"origin":192,"position":1},"title":"Feuilles Verveine","author":"beb deli","date":"3 mai 2022","format":false,"excerpt":"Verveine 4 \u20ac le sachet de 30 g.","rel":"","context":"Article similaire","block_context":{"text":"Article similaire","link":""},"img":{"alt_text":"","src":"","width":0,"height":0},"classes":[]},{"id":85,"url":"https:\/\/mesclum.com\/?product=mesclundejeunespousses","url_meta":{"origin":192,"position":2},"title":"Mesclun de jeunes pousses","author":"beb deli","date":"8 avril 2022","format":false,"excerpt":"M\u00e9lange compos\u00e9 de jeunes pousses diverses, d'aromates et de fleurs comestibles (Bourrache, Calendula off, Cosmos, violette, etc...)","rel":"","context":"Article similaire","block_context":{"text":"Article similaire","link":""},"img":{"alt_text":"M\u00e9lange compos\u00e9 de jeunes pousses diverses, d'aromates et de fleurs comestibles (Bourrache, Calendula off, Cosmos, violette, etc...)","src":"https:\/\/i0.wp.com\/mesclum.com\/wp-content\/uploads\/2022\/04\/IMG_3718-scaled.jpg?fit=900%2C1200&ssl=1&resize=350%2C200","width":350,"height":200,"srcset":"https:\/\/i0.wp.com\/mesclum.com\/wp-content\/uploads\/2022\/04\/IMG_3718-scaled.jpg?fit=900%2C1200&ssl=1&resize=350%2C200 1x, https:\/\/i0.wp.com\/mesclum.com\/wp-content\/uploads\/2022\/04\/IMG_3718-scaled.jpg?fit=900%2C1200&ssl=1&resize=525%2C300 1.5x, https:\/\/i0.wp.com\/mesclum.com\/wp-content\/uploads\/2022\/04\/IMG_3718-scaled.jpg?fit=900%2C1200&ssl=1&resize=700%2C400 2x"},"classes":[]},{"id":63,"url":"https:\/\/mesclum.com\/?product=tomate","url_meta":{"origin":192,"position":3},"title":"Tomate","author":"beb deli","date":"5 avril 2022","format":false,"excerpt":"M\u00e9lange de tomates","rel":"","context":"Article similaire","block_context":{"text":"Article similaire","link":""},"img":{"alt_text":"m\u00e9lange de tomate","src":"https:\/\/i0.wp.com\/mesclum.com\/wp-content\/uploads\/2022\/04\/melangetomate.png?fit=550%2C366&ssl=1&resize=350%2C200","width":350,"height":200,"srcset":"https:\/\/i0.wp.com\/mesclum.com\/wp-content\/uploads\/2022\/04\/melangetomate.png?fit=550%2C366&ssl=1&resize=350%2C200 1x, https:\/\/i0.wp.com\/mesclum.com\/wp-content\/uploads\/2022\/04\/melangetomate.png?fit=550%2C366&ssl=1&resize=525%2C300 1.5x"},"classes":[]},{"id":83,"url":"https:\/\/mesclum.com\/?product=mesclundejeunespoussesaromatesfleurscomestibles","url_meta":{"origin":192,"position":4},"title":"Mesclun de jeunes pousses, aromates et fleurs comestibles","author":"beb deli","date":"8 avril 2022","format":false,"excerpt":"M\u00e9lange compos\u00e9 de jeunes pousses diverses et d'aromates (Aneth, Cerfeuil, Ciboulette, Coriandre, etc...)","rel":"","context":"Article similaire","block_context":{"text":"Article similaire","link":""},"img":{"alt_text":"Mesclun aromatis\u00e9","src":"https:\/\/i0.wp.com\/mesclum.com\/wp-content\/uploads\/2022\/04\/IMG_3713-scaled.jpg?fit=900%2C1200&ssl=1&resize=350%2C200","width":350,"height":200,"srcset":"https:\/\/i0.wp.com\/mesclum.com\/wp-content\/uploads\/2022\/04\/IMG_3713-scaled.jpg?fit=900%2C1200&ssl=1&resize=350%2C200 1x, https:\/\/i0.wp.com\/mesclum.com\/wp-content\/uploads\/2022\/04\/IMG_3713-scaled.jpg?fit=900%2C1200&ssl=1&resize=525%2C300 1.5x, https:\/\/i0.wp.com\/mesclum.com\/wp-content\/uploads\/2022\/04\/IMG_3713-scaled.jpg?fit=900%2C1200&ssl=1&resize=700%2C400 2x"},"classes":[]},{"id":187,"url":"https:\/\/mesclum.com\/?product=aromates-speciaux","url_meta":{"origin":192,"position":5},"title":"Aromates sp\u00e9ciaux","author":"beb deli","date":"3 mai 2022","format":false,"excerpt":"Aromates sp\u00e9ciaux Vari\u00e9t\u00e9s : Houttuynia, Menthe bergamote, Menthe glaciale, Rau Ram, Sauge ananas, Stevia \u00a0 2 \u20ac le bouquet de 50 g","rel":"","context":"Article similaire","block_context":{"text":"Article similaire","link":""},"img":{"alt_text":"","src":"","width":0,"height":0},"classes":[]}],"jetpack_sharing_enabled":true,"_links":{"self":[{"href":"https:\/\/mesclum.com\/index.php?rest_route=\/wp\/v2\/product\/192","targetHints":{"allow":["GET"]}}],"collection":[{"href":"https:\/\/mesclum.com\/index.php?rest_route=\/wp\/v2\/product"}],"about":[{"href":"https:\/\/mesclum.com\/index.php?rest_route=\/wp\/v2\/types\/product"}],"wp:attachment":[{"href":"https:\/\/mesclum.com\/index.php?rest_route=%2Fwp%2Fv2%2Fmedia&parent=192"}],"wp:term":[{"taxonomy":"product_brand","embeddable":true,"href":"https:\/\/mesclum.com\/index.php?rest_route=%2Fwp%2Fv2%2Fproduct_brand&post=192"},{"taxonomy":"product_cat","embeddable":true,"href":"https:\/\/mesclum.com\/index.php?rest_route=%2Fwp%2Fv2%2Fproduct_cat&post=192"},{"taxonomy":"product_tag","embeddable":true,"href":"https:\/\/mesclum.com\/index.php?rest_route=%2Fwp%2Fv2%2Fproduct_tag&post=192"}],"curies":[{"name":"wp","href":"https:\/\/api.w.org\/{rel}","templated":true}]}}