{"id":117,"date":"2022-04-08T22:13:46","date_gmt":"2022-04-08T22:13:46","guid":{"rendered":"https:\/\/mesclun31.live-website.com\/?page_id=117"},"modified":"2022-04-11T17:36:25","modified_gmt":"2022-04-11T17:36:25","slug":"contact","status":"publish","type":"page","link":"https:\/\/mesclum.com\/?page_id=117","title":{"rendered":"Pour entrer en contact, remplissez le formulaire ci-dessous"},"content":{"rendered":"<div class=\"wpforms-container wpforms-container-full wpforms-block\" id=\"wpforms-113\"><form id=\"wpforms-form-113\" class=\"wpforms-validate wpforms-form wpforms-ajax-form\" data-formid=\"113\" method=\"post\" enctype=\"multipart\/form-data\" action=\"\/index.php?rest_route=%2Fwp%2Fv2%2Fpages%2F117\" data-token=\"2f9aefd23805198b59a865ce3433dc1a\" data-token-time=\"1776765099\"><noscript class=\"wpforms-error-noscript\">Veuillez activer JavaScript dans votre navigateur pour remplir ce formulaire.<\/noscript><div class=\"wpforms-field-container\"><div id=\"wpforms-113-field_0-container\" class=\"wpforms-field wpforms-field-name\" data-field-id=\"0\"><label class=\"wpforms-field-label\" for=\"wpforms-113-field_0\">Nom : <span class=\"wpforms-required-label\">*<\/span><\/label><input type=\"text\" id=\"wpforms-113-field_0\" class=\"wpforms-field-medium wpforms-field-required\" name=\"wpforms[fields][0]\" required><\/div><div id=\"wpforms-113-field_1-container\" class=\"wpforms-field wpforms-field-email\" data-field-id=\"1\"><label class=\"wpforms-field-label\" for=\"wpforms-113-field_1\">Email <span class=\"wpforms-required-label\">*<\/span><\/label><input type=\"email\" id=\"wpforms-113-field_1\" class=\"wpforms-field-medium wpforms-field-required\" name=\"wpforms[fields][1]\" spellcheck=\"false\" required><\/div><div id=\"wpforms-113-field_2-container\" class=\"wpforms-field wpforms-field-textarea\" data-field-id=\"2\"><label class=\"wpforms-field-label\" for=\"wpforms-113-field_2\">Message : <span class=\"wpforms-required-label\">*<\/span><\/label><textarea id=\"wpforms-113-field_2\" class=\"wpforms-field-medium wpforms-field-required\" name=\"wpforms[fields][2]\" required><\/textarea><\/div><\/div><!-- .wpforms-field-container --><div class=\"wpforms-submit-container\" ><input type=\"hidden\" name=\"wpforms[id]\" value=\"113\"><input type=\"hidden\" name=\"page_title\" value=\"\"><input type=\"hidden\" name=\"page_url\" value=\"https:\/\/mesclum.com\/index.php?rest_route=\/wp\/v2\/pages\/117\"><input type=\"hidden\" name=\"url_referer\" value=\"\"><button type=\"submit\" name=\"wpforms[submit]\" id=\"wpforms-submit-113\" class=\"wpforms-submit\" data-alt-text=\"En cours d&#039;envoi...\" data-submit-text=\"ENVOYER\" aria-live=\"assertive\" value=\"wpforms-submit\">ENVOYER<\/button><img loading=\"lazy\" decoding=\"async\" src=\"https:\/\/mesclum.com\/wp-content\/plugins\/wpforms-lite\/assets\/images\/submit-spin.svg\" class=\"wpforms-submit-spinner\" style=\"display: none;\" width=\"26\" height=\"26\" alt=\"Chargement en cours\"><\/div><\/form><\/div>  <!-- .wpforms-container -->\n\n\n<h2 class=\"wp-block-heading\">Le jardin est localis\u00e9 \u00e0 PINSAGUEL, avec le \u00ab\u00a0poisson maraicher\u00a0\u00bb<\/h2>\n\n\n<style>.kb-google-maps-container_8aff77-c3{height:450px;}<\/style>\n<div class=\"kb-google-maps-container kb-google-maps-container_8aff77-c3\" data-mapid=\"_8aff77-c3\"><iframe width=\"100%\" height=\"100%\" style=\"border:0\" loading=\"lazy\" src=\"https:\/\/www.google.com\/maps\/embed\/v1\/place?key=AIzaSyBAM2o7PiQqwk15LC1XRH2e_KJ-jUa7KYk&amp;zoom=11&amp;maptype=roadmap&amp;q=Le%20poisson%20maraicher%2C%20pinsaguel\"><\/iframe><\/div>\n<script>function kb_google_map_8aff77c3() { let center = { lat: 37.8201, lng: -122.4781}; let map = new google.maps.Map(document.getElementById(\"kb-google-map_8aff77c3\"), {\n\t\t\t\t\t    zoom: 11,\n\t\t\t\t\t    center: center,});let marker = new google.maps.Marker({   position: { lat: 37.8201, lng: -122.4781},    map: map,  });}<\/script>","protected":false},"excerpt":{"rendered":"<p>Le jardin est localis\u00e9 \u00e0 PINSAGUEL, avec le \u00ab\u00a0poisson maraicher\u00a0\u00bb<\/p>\n","protected":false},"author":2,"featured_media":0,"parent":0,"menu_order":0,"comment_status":"closed","ping_status":"closed","template":"","meta":{"footnotes":""},"class_list":["post-117","page","type-page","status-publish","hentry"],"jetpack-related-posts":[{"id":2,"url":"https:\/\/mesclum.com\/?page_id=2","url_meta":{"origin":117,"position":0},"title":"Le jardin","author":"adminmesclun","date":"3 avril 2022","format":false,"excerpt":"Bref Historique : Arriv\u00e9 en Novembre 2020 \u00e0 Pinsaguel, je me suis install\u00e9 sur la ferme du Poisson Mara\u00eecher o\u00f9 un espace de 7000 m2 a \u00e9t\u00e9 mis \u00e0 disposition au Centi\u00e8me Singe. Premi\u00e8res ann\u00e9es en tant qu'Entrepreneur \u00e0 l'Essai, accompagn\u00e9 par Le Centi\u00e8me Singe. D\u00e9frichage du roncier, mise en\u2026","rel":"","context":"Article similaire","block_context":{"text":"Article similaire","link":""},"img":{"alt_text":"","src":"","width":0,"height":0},"classes":[]},{"id":66,"url":"https:\/\/mesclum.com\/","url_meta":{"origin":117,"position":1},"title":"Mara\u00eechage agro\u00e9cologique, conduit en agriculture\u2026","author":"beb deli","date":"5 avril 2022","format":false,"excerpt":"Mara\u00eechage agro\u00e9cologique, conduit en agriculture biologique Sp\u00e9cialis\u00e9 dans les jeunes pousses, mesclun, aromates et fleurs comestibles Production de plants et l\u00e9gumes de saisonConfection de tisanes. \/ Nouveaux produits Acheter maintenant L'actualit\u00e9 au jardin","rel":"","context":"Article similaire","block_context":{"text":"Article similaire","link":""},"img":{"alt_text":"","src":"https:\/\/i0.wp.com\/mesclum.com\/wp-content\/uploads\/2022\/04\/cropped-IMG_3680-scaled-1.jpg?fit=512%2C512&ssl=1&resize=350%2C200","width":350,"height":200},"classes":[]}],"jetpack_sharing_enabled":true,"_links":{"self":[{"href":"https:\/\/mesclum.com\/index.php?rest_route=\/wp\/v2\/pages\/117","targetHints":{"allow":["GET"]}}],"collection":[{"href":"https:\/\/mesclum.com\/index.php?rest_route=\/wp\/v2\/pages"}],"about":[{"href":"https:\/\/mesclum.com\/index.php?rest_route=\/wp\/v2\/types\/page"}],"author":[{"embeddable":true,"href":"https:\/\/mesclum.com\/index.php?rest_route=\/wp\/v2\/users\/2"}],"replies":[{"embeddable":true,"href":"https:\/\/mesclum.com\/index.php?rest_route=%2Fwp%2Fv2%2Fcomments&post=117"}],"version-history":[{"count":7,"href":"https:\/\/mesclum.com\/index.php?rest_route=\/wp\/v2\/pages\/117\/revisions"}],"predecessor-version":[{"id":230,"href":"https:\/\/mesclum.com\/index.php?rest_route=\/wp\/v2\/pages\/117\/revisions\/230"}],"wp:attachment":[{"href":"https:\/\/mesclum.com\/index.php?rest_route=%2Fwp%2Fv2%2Fmedia&parent=117"}],"curies":[{"name":"wp","href":"https:\/\/api.w.org\/{rel}","templated":true}]}}